{"id":16,"date":"2018-03-22T14:05:39","date_gmt":"2018-03-22T13:05:39","guid":{"rendered":"http:\/\/grimo.cz\/new\/?page_id=16"},"modified":"2021-10-19T12:03:32","modified_gmt":"2021-10-19T10:03:32","slug":"o-nas","status":"publish","type":"page","link":"https:\/\/grimo.cz\/cs\/?page_id=16","title":{"rendered":"O n\u00e1s"},"content":{"rendered":"<p>[vc_row row_content_width=&#8220;grid&#8220;][vc_column][vc_custom_heading text=&#8220;O n\u00e1s&#8220; font_container=&#8220;tag:h1|text_align:left&#8220; use_theme_fonts=&#8220;yes&#8220;][vc_column_text]Specializujeme se hlavn\u011b v oboru stavebnictv\u00ed a ji\u017e v dob\u011b, kdy neexistovala legislativn\u00ed opora (z\u00e1kon \u010d. 309\/2006 Sb. a NV 591\/2006 Sb.), jsme nab\u00edzeli slu\u017eby <b>koordin\u00e1tora BOZP<\/b> na staveni\u0161ti v souladu s po\u017eadavky Sm\u011brnice Rady 92\/57\/EHS ze dne 24. \u010dervna 1992.<\/p>\n<p>Na\u0161e spole\u010dnost dlouhodob\u011b spolupracuje s v\u00fdznamnou klientelou ve stavebnictv\u00ed. \u00da\u010dastnili jsme se nejen evropsk\u00fdch projekt\u016f, ale mimo jin\u00e9 i projekt\u016f v Uruguay, Jihoafrick\u00e9 republice, Turecku \u010di \u0160v\u00e9dsku atd. (viz str\u00e1nka <a href=\"http:\/\/grimo.cz\/cs\/?page_id=26\">Reference<\/a>).\u00a0 Jsme jedn\u00edm ze zakl\u00e1daj\u00edc\u00edch \u010dlen\u016f sdru\u017een\u00ed <a href=\"http:\/\/www.spolecnavize.cz\/?idm=3\">&#8222;Spole\u010dn\u00e1 vize&#8220;<\/a>, zam\u011b\u0159en\u00e9ho na zvy\u0161ov\u00e1n\u00ed bezpe\u010dnosti pr\u00e1ce ve stavebnictv\u00ed.<\/p>\n<p>Na\u0161i zam\u011bstnanci se \u00fa\u010dastn\u00ed \u0159ady odborn\u00fdch semin\u00e1\u0159\u016f v oblasti bezpe\u010dnosti pr\u00e1ce i po\u017e\u00e1rn\u00ed ochrany. Samoz\u0159ejmost\u00ed je odbornost a jazykov\u00e1 vybavenost na\u0161ich pracovn\u00edk\u016f. V na\u0161ich \u0159ad\u00e1ch m\u00e1me rovn\u011b\u017e zku\u0161en\u00e9 odborn\u00edky ze Slovenska a Polska.<\/p>\n<p>Jsme dr\u017eitel\u00e9 certifik\u00e1t\u016f ISO 9001, ISO 45001 a ISO 14001.[\/vc_column_text][vc_column_text]<\/p>\n<h4 style=\"text-align: center;\">Na\u0161\u00edm hlavn\u00edm spole\u010dn\u00fdm mottem je:<br \/>\u201eBezpe\u010dn\u011b, kvalitn\u011b a hlavn\u011b s rozvahou.\u201c<\/h4>\n<p>[\/vc_column_text][\/vc_column][\/vc_row]<\/p>\n\n\n<p><\/p>\n","protected":false},"excerpt":{"rendered":"<p>[vc_row row_content_width=&#8220;grid&#8220;][vc_column][vc_custom_heading text=&#8220;O n\u00e1s&#8220; font_container=&#8220;tag:h1|text_align:left&#8220; use_theme_fonts=&#8220;yes&#8220;][vc_column_text]Specializujeme se hlavn\u011b v oboru stavebnictv\u00ed a ji\u017e v dob\u011b, kdy neexistovala legislativn\u00ed opora (z\u00e1kon \u010d. 309\/2006 Sb. a NV 591\/2006 Sb.), jsme nab\u00edzeli slu\u017eby koordin\u00e1tora BOZP na staveni\u0161ti v souladu s po\u017eadavky Sm\u011brnice Rady [&hellip;]<\/p>\n","protected":false},"author":1,"featured_media":0,"parent":0,"menu_order":0,"comment_status":"closed","ping_status":"closed","template":"full-width.php","meta":{"footnotes":""},"_links":{"self":[{"href":"https:\/\/grimo.cz\/cs\/index.php?rest_route=\/wp\/v2\/pages\/16"}],"collection":[{"href":"https:\/\/grimo.cz\/cs\/index.php?rest_route=\/wp\/v2\/pages"}],"about":[{"href":"https:\/\/grimo.cz\/cs\/index.php?rest_route=\/wp\/v2\/types\/page"}],"author":[{"embeddable":true,"href":"https:\/\/grimo.cz\/cs\/index.php?rest_route=\/wp\/v2\/users\/1"}],"replies":[{"embeddable":true,"href":"https:\/\/grimo.cz\/cs\/index.php?rest_route=%2Fwp%2Fv2%2Fcomments&post=16"}],"version-history":[{"count":17,"href":"https:\/\/grimo.cz\/cs\/index.php?rest_route=\/wp\/v2\/pages\/16\/revisions"}],"predecessor-version":[{"id":549,"href":"https:\/\/grimo.cz\/cs\/index.php?rest_route=\/wp\/v2\/pages\/16\/revisions\/549"}],"wp:attachment":[{"href":"https:\/\/grimo.cz\/cs\/index.php?rest_route=%2Fwp%2Fv2%2Fmedia&parent=16"}],"curies":[{"name":"wp","href":"https:\/\/api.w.org\/{rel}","templated":true}]}}