{"id":20,"date":"2018-03-22T14:06:36","date_gmt":"2018-03-22T13:06:36","guid":{"rendered":"http:\/\/grimo.cz\/new\/?page_id=20"},"modified":"2018-03-23T13:11:45","modified_gmt":"2018-03-23T12:11:45","slug":"pozarni-ochrana","status":"publish","type":"page","link":"https:\/\/grimo.cz\/cs\/?page_id=20","title":{"rendered":"Po\u017e\u00e1rn\u00ed ochrana"},"content":{"rendered":"<p>[vc_row row_content_width=&#8220;grid&#8220;][vc_column][vc_custom_heading text=&#8220;Po\u017e\u00e1rn\u00ed ochrana&#8220; font_container=&#8220;tag:h1|text_align:left&#8220; use_theme_fonts=&#8220;yes&#8220;][\/vc_column][\/vc_row][vc_row row_content_width=&#8220;grid&#8220;][vc_column][vc_column_text]<b>Povinnosti zam\u011bstnavatele vypl\u00fdvaj\u00ed z platn\u00e9 legislativy \u010cR pro oblast PO: <\/b><br \/>\n<b>z. \u010d. 133\/1985 Sb., vyhl. \u010d. 221\/2014 Sb., vyhl. \u010d. 268\/2011 Sb.<\/b><\/p>\n<ul>\n<li>Zpracov\u00e1n\u00ed kompletn\u00ed dokumentace<\/li>\n<li>Zpracov\u00e1n\u00ed po\u017e\u00e1rn\u011b bezpe\u010dnostn\u00edho \u0159e\u0161en\u00ed stavby<\/li>\n<li>Zpracov\u00e1n\u00ed za\u010dlen\u011bn\u00ed do kategorie dle po\u017e\u00e1rn\u00edho nebezpe\u010d\u00ed<\/li>\n<li>Prov\u00e1d\u011bn\u00ed pravideln\u00fdch preventivn\u00edch po\u017e\u00e1rn\u00edch prohl\u00eddek se z\u00e1pisem do po\u017e\u00e1rn\u00ed knihy<\/li>\n<li>Prov\u00e1d\u011bn\u00ed vstupn\u00edch a periodick\u00fdch \u0161kolen\u00ed<\/li>\n<li>N\u00e1vrh a realizace bezpe\u010dnostn\u00edho zna\u010den\u00ed pracovi\u0161t\u011b<\/li>\n<li>Poradensk\u00fd a konzulta\u010dn\u00ed servis v ot\u00e1zk\u00e1ch zabezpe\u010den\u00ed PO<\/li>\n<li>Asistence p\u0159i mimo\u0159\u00e1dn\u00fdch ud\u00e1lostech ( po\u017e\u00e1r, havarijn\u00ed stavy, \u2026)<\/li>\n<li>Sou\u010dinnost p\u0159i kontrole klienta HZS<\/li>\n<li>Revize a prodej p\u0159enosn\u00fdch has\u00edc\u00edh p\u0159\u00edstroj\u016f (PHP) a hydrant\u016f<\/li>\n<li>Vedeni po\u017e\u00e1rn\u00ed knihy<\/li>\n<li>Ve\u0161ker\u00e9 dal\u0161\u00ed slu\u017eby t\u00fdkaj\u00edc\u00ed se PO<\/li>\n<\/ul>\n<p>[\/vc_column_text][\/vc_column][\/vc_row]<\/p>\n","protected":false},"excerpt":{"rendered":"<p>[vc_row row_content_width=&#8220;grid&#8220;][vc_column][vc_custom_heading text=&#8220;Po\u017e\u00e1rn\u00ed ochrana&#8220; font_container=&#8220;tag:h1|text_align:left&#8220; use_theme_fonts=&#8220;yes&#8220;][\/vc_column][\/vc_row][vc_row row_content_width=&#8220;grid&#8220;][vc_column][vc_column_text]Povinnosti zam\u011bstnavatele vypl\u00fdvaj\u00ed z platn\u00e9 legislativy \u010cR pro oblast PO: z. \u010d. 133\/1985 Sb., vyhl. \u010d. 221\/2014 Sb., vyhl. \u010d. 268\/2011 Sb. Zpracov\u00e1n\u00ed kompletn\u00ed dokumentace Zpracov\u00e1n\u00ed po\u017e\u00e1rn\u011b bezpe\u010dnostn\u00edho \u0159e\u0161en\u00ed stavby Zpracov\u00e1n\u00ed za\u010dlen\u011bn\u00ed do kategorie [&hellip;]<\/p>\n","protected":false},"author":1,"featured_media":0,"parent":0,"menu_order":0,"comment_status":"closed","ping_status":"closed","template":"full-width.php","meta":{"footnotes":""},"_links":{"self":[{"href":"https:\/\/grimo.cz\/cs\/index.php?rest_route=\/wp\/v2\/pages\/20"}],"collection":[{"href":"https:\/\/grimo.cz\/cs\/index.php?rest_route=\/wp\/v2\/pages"}],"about":[{"href":"https:\/\/grimo.cz\/cs\/index.php?rest_route=\/wp\/v2\/types\/page"}],"author":[{"embeddable":true,"href":"https:\/\/grimo.cz\/cs\/index.php?rest_route=\/wp\/v2\/users\/1"}],"replies":[{"embeddable":true,"href":"https:\/\/grimo.cz\/cs\/index.php?rest_route=%2Fwp%2Fv2%2Fcomments&post=20"}],"version-history":[{"count":5,"href":"https:\/\/grimo.cz\/cs\/index.php?rest_route=\/wp\/v2\/pages\/20\/revisions"}],"predecessor-version":[{"id":129,"href":"https:\/\/grimo.cz\/cs\/index.php?rest_route=\/wp\/v2\/pages\/20\/revisions\/129"}],"wp:attachment":[{"href":"https:\/\/grimo.cz\/cs\/index.php?rest_route=%2Fwp%2Fv2%2Fmedia&parent=20"}],"curies":[{"name":"wp","href":"https:\/\/api.w.org\/{rel}","templated":true}]}}