{"id":498,"date":"2018-04-13T07:49:38","date_gmt":"2018-04-13T05:49:38","guid":{"rendered":"http:\/\/grimo.cz\/cs\/?page_id=498"},"modified":"2020-04-24T07:54:40","modified_gmt":"2020-04-24T05:54:40","slug":"our-certificates","status":"publish","type":"page","link":"https:\/\/grimo.cz\/cs\/?page_id=498&lang=en","title":{"rendered":"Our Certificates"},"content":{"rendered":"<p style=\"text-align: center;\"><strong>Our company has established a Quality Management System with integration of Work Safety Management and Environmental Management. We posses certificates \u010cSN EN ISO 9001:2016, \u010cSN OHSAS and \u010cSN EN ISO 14001.<\/strong><\/p>\n\n\n<figure class=\"wp-block-gallery columns-3 is-cropped wp-block-gallery-1 is-layout-flex wp-block-gallery-is-layout-flex\"><ul class=\"blocks-gallery-grid\"><li class=\"blocks-gallery-item\"><figure><img decoding=\"async\" src=\"https:\/\/grimo.cz\/wp-content\/uploads\/2020\/04\/QMS-Certificate-724x1024.jpg\" alt=\"\" data-id=\"499\" data-link=\"https:\/\/grimo.cz\/cs\/?attachment_id=499\" class=\"wp-image-499\"\/><\/figure><\/li><li class=\"blocks-gallery-item\"><figure><img decoding=\"async\" src=\"https:\/\/grimo.cz\/wp-content\/uploads\/2020\/04\/OHSAS-Certificate-724x1024.jpg\" alt=\"\" data-id=\"500\" data-link=\"https:\/\/grimo.cz\/cs\/?attachment_id=500\" class=\"wp-image-500\"\/><\/figure><\/li><li class=\"blocks-gallery-item\"><figure><img decoding=\"async\" src=\"https:\/\/grimo.cz\/wp-content\/uploads\/2020\/04\/EMS-Certificate-724x1024.jpg\" alt=\"\" data-id=\"501\" data-full-url=\"https:\/\/grimo.cz\/wp-content\/uploads\/2020\/04\/EMS-Certificate.jpg\" data-link=\"https:\/\/grimo.cz\/cs\/?attachment_id=501\" class=\"wp-image-501\"\/><\/figure><\/li><\/ul><figcaption class=\"blocks-gallery-caption\"><strong>Company certificates<\/strong><\/figcaption><\/figure>\n","protected":false},"excerpt":{"rendered":"<p>Our company has established a Quality Management System with integration of Work Safety Management and Environmental Management. We posses certificates \u010cSN EN ISO 9001:2016, \u010cSN OHSAS and \u010cSN EN ISO 14001.<\/p>\n","protected":false},"author":1,"featured_media":0,"parent":0,"menu_order":0,"comment_status":"closed","ping_status":"closed","template":"","meta":{"footnotes":""},"_links":{"self":[{"href":"https:\/\/grimo.cz\/cs\/index.php?rest_route=\/wp\/v2\/pages\/498"}],"collection":[{"href":"https:\/\/grimo.cz\/cs\/index.php?rest_route=\/wp\/v2\/pages"}],"about":[{"href":"https:\/\/grimo.cz\/cs\/index.php?rest_route=\/wp\/v2\/types\/page"}],"author":[{"embeddable":true,"href":"https:\/\/grimo.cz\/cs\/index.php?rest_route=\/wp\/v2\/users\/1"}],"replies":[{"embeddable":true,"href":"https:\/\/grimo.cz\/cs\/index.php?rest_route=%2Fwp%2Fv2%2Fcomments&post=498"}],"version-history":[{"count":2,"href":"https:\/\/grimo.cz\/cs\/index.php?rest_route=\/wp\/v2\/pages\/498\/revisions"}],"predecessor-version":[{"id":504,"href":"https:\/\/grimo.cz\/cs\/index.php?rest_route=\/wp\/v2\/pages\/498\/revisions\/504"}],"wp:attachment":[{"href":"https:\/\/grimo.cz\/cs\/index.php?rest_route=%2Fwp%2Fv2%2Fmedia&parent=498"}],"curies":[{"name":"wp","href":"https:\/\/api.w.org\/{rel}","templated":true}]}}